{"id":16431,"date":"2019-09-25T09:48:09","date_gmt":"2019-09-25T07:48:09","guid":{"rendered":"https:\/\/hurba.fr\/?page_id=16431"},"modified":"2024-09-04T11:05:43","modified_gmt":"2024-09-04T09:05:43","slug":"contact","status":"publish","type":"page","link":"https:\/\/hurba.fr\/fr\/contact\/","title":{"rendered":"Contact"},"content":{"rendered":"<div class=\"wpb-content-wrapper\"><p>[vc_row css_animation=\u00a0\u00bb\u00a0\u00bb row_type=\u00a0\u00bbrow\u00a0\u00bb use_row_as_full_screen_section=\u00a0\u00bbno\u00a0\u00bb type=\u00a0\u00bbfull_width\u00a0\u00bb angled_section=\u00a0\u00bbno\u00a0\u00bb text_align=\u00a0\u00bbleft\u00a0\u00bb background_image_as_pattern=\u00a0\u00bbwithout_pattern\u00a0\u00bb css=\u00a0\u00bb.vc_custom_1652973746950{padding-bottom: 40px !important;background-image: url(https:\/\/hurba.fr\/wp-content\/uploads\/2022\/05\/Hurba-Lille.jpg?id=17032) !important;}\u00a0\u00bb z_index=\u00a0\u00bb\u00a0\u00bb][vc_column][vc_separator type=\u00a0\u00bbtransparent\u00a0\u00bb up=\u00a0\u00bb230&Prime; down=\u00a0\u00bb230&Prime;][\/vc_column][\/vc_row][vc_row css_animation=\u00a0\u00bb\u00a0\u00bb row_type=\u00a0\u00bbrow\u00a0\u00bb use_row_as_full_screen_section=\u00a0\u00bbyes\u00a0\u00bb type=\u00a0\u00bbgrid\u00a0\u00bb angled_section=\u00a0\u00bbno\u00a0\u00bb text_align=\u00a0\u00bbcenter\u00a0\u00bb background_image_as_pattern=\u00a0\u00bbwithout_pattern\u00a0\u00bb css=\u00a0\u00bb.vc_custom_1569399710974{padding-top: 30px !important;padding-bottom: 30px !important;}\u00a0\u00bb z_index=\u00a0\u00bb\u00a0\u00bb][vc_column][vc_column_text]<\/p>\n<h2>Parlons ensemble de vos projets !<\/h2>\n<p>[\/vc_column_text][\/vc_column][\/vc_row][vc_row css_animation=\u00a0\u00bb\u00a0\u00bb row_type=\u00a0\u00bbrow\u00a0\u00bb use_row_as_full_screen_section=\u00a0\u00bbyes\u00a0\u00bb type=\u00a0\u00bbgrid\u00a0\u00bb angled_section=\u00a0\u00bbno\u00a0\u00bb text_align=\u00a0\u00bbcenter\u00a0\u00bb background_image_as_pattern=\u00a0\u00bbwithout_pattern\u00a0\u00bb css=\u00a0\u00bb.vc_custom_1725440736747{padding-top: 15px !important;padding-bottom: 55px !important;}\u00a0\u00bb z_index=\u00a0\u00bb\u00a0\u00bb][vc_column width=\u00a0\u00bb1\/6&Prime;][\/vc_column][vc_column width=\u00a0\u00bb2\/3&Prime;][vc_column_text]<\/p>\n<p style=\"text-align: center;\">Un projet, une question sur notre approche ? N&rsquo;h\u00e9sitez pas \u00e0 nous contacter!<\/p>\n<p style=\"text-align: center;\">Nous vous invitons \u00e0 nous contacter pour \u00e9tudier ensemble vos projets ou pour vous fournir des informations sur nos prestations.<\/p>\n<p style=\"text-align: center;\">Notre \u00e9quipe vous r\u00e9pondra dans les plus brefs d\u00e9lais<\/p>\n<p>[\/vc_column_text][vc_separator type=\u00a0\u00bbtransparent\u00a0\u00bb]<span data-type=\"normal\"  class=\"qode_icon_shortcode  q_font_awsome_icon fa-3x pull-center \" style=\" \"><a  itemprop=\"url\" href=\"mailto:contact@hurba.fr\" target=\"_self\"><i class=\"qode_icon_font_awesome fa fa-envelope qode_icon_element\" style=\"\" ><\/i><\/a><\/span>[\/vc_column][vc_column width=\u00a0\u00bb1\/6&Prime;][\/vc_column][\/vc_row]<\/p>\n<\/div>","protected":false},"excerpt":{"rendered":"<p>[vc_row css_animation=\u00a0\u00bb\u00a0\u00bb row_type=\u00a0\u00bbrow\u00a0\u00bb use_row_as_full_screen_section=\u00a0\u00bbno\u00a0\u00bb type=\u00a0\u00bbfull_width\u00a0\u00bb angled_section=\u00a0\u00bbno\u00a0\u00bb text_align=\u00a0\u00bbleft\u00a0\u00bb background_image_as_pattern=\u00a0\u00bbwithout_pattern\u00a0\u00bb css=\u00a0\u00bb.vc_custom_1652973746950{padding-bottom: 40px !important;background-image: url(https:\/\/hurba.fr\/wp-content\/uploads\/2022\/05\/Hurba-Lille.jpg?id=17032) !important;}\u00a0\u00bb z_index=\u00a0\u00bb\u00a0\u00bb][vc_column][vc_separator type=\u00a0\u00bbtransparent\u00a0\u00bb up=\u00a0\u00bb230&Prime; down=\u00a0\u00bb230&Prime;][\/vc_column][\/vc_row][vc_row css_animation=\u00a0\u00bb\u00a0\u00bb row_type=\u00a0\u00bbrow\u00a0\u00bb use_row_as_full_screen_section=\u00a0\u00bbyes\u00a0\u00bb type=\u00a0\u00bbgrid\u00a0\u00bb angled_section=\u00a0\u00bbno\u00a0\u00bb text_align=\u00a0\u00bbcenter\u00a0\u00bb background_image_as_pattern=\u00a0\u00bbwithout_pattern\u00a0\u00bb css=\u00a0\u00bb.vc_custom_1569399710974{padding-top: 30px !important;padding-bottom: 30px !important;}\u00a0\u00bb z_index=\u00a0\u00bb\u00a0\u00bb][vc_column][vc_column_text] Parlons ensemble de vos projets ! [\/vc_column_text][\/vc_column][\/vc_row][vc_row css_animation=\u00a0\u00bb\u00a0\u00bb row_type=\u00a0\u00bbrow\u00a0\u00bb use_row_as_full_screen_section=\u00a0\u00bbyes\u00a0\u00bb type=\u00a0\u00bbgrid\u00a0\u00bb angled_section=\u00a0\u00bbno\u00a0\u00bb text_align=\u00a0\u00bbcenter\u00a0\u00bb background_image_as_pattern=\u00a0\u00bbwithout_pattern\u00a0\u00bb css=\u00a0\u00bb.vc_custom_1725440736747{padding-top:&#8230;<\/p>\n","protected":false},"author":1,"featured_media":0,"parent":0,"menu_order":0,"comment_status":"closed","ping_status":"closed","template":"full_width.php","meta":{"footnotes":""},"class_list":["post-16431","page","type-page","status-publish","hentry"],"yoast_head":"<!-- This site is optimized with the Yoast SEO Premium plugin v22.3 (Yoast SEO v27.4) - https:\/\/yoast.com\/product\/yoast-seo-premium-wordpress\/ -->\n<title>Contact - HURBA<\/title>\n<meta name=\"description\" content=\"Contactez HURBA. L\u2019\u00e9quipe Hurba pr\u00e9sente des comp\u00e9tences globales en mati\u00e8re de pr\u00e9vention primaire (identi\ufb01er, \u00e9valuer, pr\u00e9venir les situations \u00e0 risque et de stress avant qu\u2019elles ne se produisent), secondaire (r\u00e9duire l\u2019impact d\u2019une situation de stress et g\u00e9rer les risques) ainsi que tertiaire\" \/>\n<meta name=\"robots\" content=\"index, follow, max-snippet:-1, max-image-preview:large, max-video-preview:-1\" \/>\n<link rel=\"canonical\" href=\"https:\/\/hurba.fr\/fr\/contact\/\" \/>\n<meta property=\"og:locale\" content=\"fr_FR\" \/>\n<meta property=\"og:type\" content=\"article\" \/>\n<meta property=\"og:title\" content=\"Contact\" \/>\n<meta property=\"og:description\" content=\"Contactez HURBA. L\u2019\u00e9quipe Hurba pr\u00e9sente des comp\u00e9tences globales en mati\u00e8re de pr\u00e9vention primaire (identi\ufb01er, \u00e9valuer, pr\u00e9venir les situations \u00e0 risque et de stress avant qu\u2019elles ne se produisent), secondaire (r\u00e9duire l\u2019impact d\u2019une situation de stress et g\u00e9rer les risques) ainsi que tertiaire\" \/>\n<meta property=\"og:url\" content=\"https:\/\/hurba.fr\/fr\/contact\/\" \/>\n<meta property=\"og:site_name\" content=\"HURBA\" \/>\n<meta property=\"article:modified_time\" content=\"2024-09-04T09:05:43+00:00\" \/>\n<meta name=\"twitter:card\" content=\"summary_large_image\" \/>\n<meta name=\"twitter:label1\" content=\"Dur\u00e9e de lecture estim\u00e9e\" \/>\n\t<meta name=\"twitter:data1\" content=\"1 minute\" \/>\n<script type=\"application\/ld+json\" class=\"yoast-schema-graph\">{\"@context\":\"https:\\\/\\\/schema.org\",\"@graph\":[{\"@type\":\"WebPage\",\"@id\":\"https:\\\/\\\/hurba.fr\\\/fr\\\/contact\\\/\",\"url\":\"https:\\\/\\\/hurba.fr\\\/fr\\\/contact\\\/\",\"name\":\"Contact - HURBA\",\"isPartOf\":{\"@id\":\"https:\\\/\\\/hurba.fr\\\/en\\\/#website\"},\"datePublished\":\"2019-09-25T07:48:09+00:00\",\"dateModified\":\"2024-09-04T09:05:43+00:00\",\"description\":\"Contactez HURBA. L\u2019\u00e9quipe Hurba pr\u00e9sente des comp\u00e9tences globales en mati\u00e8re de pr\u00e9vention primaire (identi\ufb01er, \u00e9valuer, pr\u00e9venir les situations \u00e0 risque et de stress avant qu\u2019elles ne se produisent), secondaire (r\u00e9duire l\u2019impact d\u2019une situation de stress et g\u00e9rer les risques) ainsi que tertiaire\",\"breadcrumb\":{\"@id\":\"https:\\\/\\\/hurba.fr\\\/fr\\\/contact\\\/#breadcrumb\"},\"inLanguage\":\"fr-FR\",\"potentialAction\":[{\"@type\":\"ReadAction\",\"target\":[\"https:\\\/\\\/hurba.fr\\\/fr\\\/contact\\\/\"]}]},{\"@type\":\"BreadcrumbList\",\"@id\":\"https:\\\/\\\/hurba.fr\\\/fr\\\/contact\\\/#breadcrumb\",\"itemListElement\":[{\"@type\":\"ListItem\",\"position\":1,\"name\":\"Home\",\"item\":\"https:\\\/\\\/hurba.fr\\\/fr\\\/\"},{\"@type\":\"ListItem\",\"position\":2,\"name\":\"Contact\"}]},{\"@type\":\"WebSite\",\"@id\":\"https:\\\/\\\/hurba.fr\\\/en\\\/#website\",\"url\":\"https:\\\/\\\/hurba.fr\\\/en\\\/\",\"name\":\"HURBA\",\"description\":\"Psychologie urbaine\",\"potentialAction\":[{\"@type\":\"SearchAction\",\"target\":{\"@type\":\"EntryPoint\",\"urlTemplate\":\"https:\\\/\\\/hurba.fr\\\/en\\\/?s={search_term_string}\"},\"query-input\":{\"@type\":\"PropertyValueSpecification\",\"valueRequired\":true,\"valueName\":\"search_term_string\"}}],\"inLanguage\":\"fr-FR\"}]}<\/script>\n<!-- \/ Yoast SEO Premium plugin. -->","yoast_head_json":{"title":"Contact - HURBA","description":"Contactez HURBA. L\u2019\u00e9quipe Hurba pr\u00e9sente des comp\u00e9tences globales en mati\u00e8re de pr\u00e9vention primaire (identi\ufb01er, \u00e9valuer, pr\u00e9venir les situations \u00e0 risque et de stress avant qu\u2019elles ne se produisent), secondaire (r\u00e9duire l\u2019impact d\u2019une situation de stress et g\u00e9rer les risques) ainsi que tertiaire","robots":{"index":"index","follow":"follow","max-snippet":"max-snippet:-1","max-image-preview":"max-image-preview:large","max-video-preview":"max-video-preview:-1"},"canonical":"https:\/\/hurba.fr\/fr\/contact\/","og_locale":"fr_FR","og_type":"article","og_title":"Contact","og_description":"Contactez HURBA. L\u2019\u00e9quipe Hurba pr\u00e9sente des comp\u00e9tences globales en mati\u00e8re de pr\u00e9vention primaire (identi\ufb01er, \u00e9valuer, pr\u00e9venir les situations \u00e0 risque et de stress avant qu\u2019elles ne se produisent), secondaire (r\u00e9duire l\u2019impact d\u2019une situation de stress et g\u00e9rer les risques) ainsi que tertiaire","og_url":"https:\/\/hurba.fr\/fr\/contact\/","og_site_name":"HURBA","article_modified_time":"2024-09-04T09:05:43+00:00","twitter_card":"summary_large_image","twitter_misc":{"Dur\u00e9e de lecture estim\u00e9e":"1 minute"},"schema":{"@context":"https:\/\/schema.org","@graph":[{"@type":"WebPage","@id":"https:\/\/hurba.fr\/fr\/contact\/","url":"https:\/\/hurba.fr\/fr\/contact\/","name":"Contact - HURBA","isPartOf":{"@id":"https:\/\/hurba.fr\/en\/#website"},"datePublished":"2019-09-25T07:48:09+00:00","dateModified":"2024-09-04T09:05:43+00:00","description":"Contactez HURBA. L\u2019\u00e9quipe Hurba pr\u00e9sente des comp\u00e9tences globales en mati\u00e8re de pr\u00e9vention primaire (identi\ufb01er, \u00e9valuer, pr\u00e9venir les situations \u00e0 risque et de stress avant qu\u2019elles ne se produisent), secondaire (r\u00e9duire l\u2019impact d\u2019une situation de stress et g\u00e9rer les risques) ainsi que tertiaire","breadcrumb":{"@id":"https:\/\/hurba.fr\/fr\/contact\/#breadcrumb"},"inLanguage":"fr-FR","potentialAction":[{"@type":"ReadAction","target":["https:\/\/hurba.fr\/fr\/contact\/"]}]},{"@type":"BreadcrumbList","@id":"https:\/\/hurba.fr\/fr\/contact\/#breadcrumb","itemListElement":[{"@type":"ListItem","position":1,"name":"Home","item":"https:\/\/hurba.fr\/fr\/"},{"@type":"ListItem","position":2,"name":"Contact"}]},{"@type":"WebSite","@id":"https:\/\/hurba.fr\/en\/#website","url":"https:\/\/hurba.fr\/en\/","name":"HURBA","description":"Psychologie urbaine","potentialAction":[{"@type":"SearchAction","target":{"@type":"EntryPoint","urlTemplate":"https:\/\/hurba.fr\/en\/?s={search_term_string}"},"query-input":{"@type":"PropertyValueSpecification","valueRequired":true,"valueName":"search_term_string"}}],"inLanguage":"fr-FR"}]}},"_links":{"self":[{"href":"https:\/\/hurba.fr\/fr\/wp-json\/wp\/v2\/pages\/16431","targetHints":{"allow":["GET"]}}],"collection":[{"href":"https:\/\/hurba.fr\/fr\/wp-json\/wp\/v2\/pages"}],"about":[{"href":"https:\/\/hurba.fr\/fr\/wp-json\/wp\/v2\/types\/page"}],"author":[{"embeddable":true,"href":"https:\/\/hurba.fr\/fr\/wp-json\/wp\/v2\/users\/1"}],"replies":[{"embeddable":true,"href":"https:\/\/hurba.fr\/fr\/wp-json\/wp\/v2\/comments?post=16431"}],"version-history":[{"count":0,"href":"https:\/\/hurba.fr\/fr\/wp-json\/wp\/v2\/pages\/16431\/revisions"}],"wp:attachment":[{"href":"https:\/\/hurba.fr\/fr\/wp-json\/wp\/v2\/media?parent=16431"}],"curies":[{"name":"wp","href":"https:\/\/api.w.org\/{rel}","templated":true}]}}