{"id":17082,"date":"2022-11-16T13:34:46","date_gmt":"2022-11-16T12:34:46","guid":{"rendered":"https:\/\/hurba.fr\/?page_id=17082"},"modified":"2022-11-16T13:37:15","modified_gmt":"2022-11-16T12:37:15","slug":"mentions-legales","status":"publish","type":"page","link":"https:\/\/hurba.fr\/fr\/mentions-legales\/","title":{"rendered":"Mentions l\u00e9gales"},"content":{"rendered":"<div class=\"wpb-content-wrapper\"><p>[vc_row css_animation=\u00a0\u00bb\u00a0\u00bb row_type=\u00a0\u00bbrow\u00a0\u00bb use_row_as_full_screen_section=\u00a0\u00bbno\u00a0\u00bb type=\u00a0\u00bbfull_width\u00a0\u00bb angled_section=\u00a0\u00bbno\u00a0\u00bb text_align=\u00a0\u00bbleft\u00a0\u00bb background_image_as_pattern=\u00a0\u00bbwithout_pattern\u00a0\u00bb][vc_column]\n\t\t\t<!-- START r\u00e9f\u00e9renceshurba REVOLUTION SLIDER 6.7.31 --><p class=\"rs-p-wp-fix\"><\/p>\n\t\t\t<rs-module-wrap id=\"rev_slider_3_1_wrapper\" data-source=\"gallery\" style=\"visibility:hidden;background:transparent;padding:0;margin:0px auto;margin-top:0;margin-bottom:0;\">\n\t\t\t\t<rs-module id=\"rev_slider_3_1\" style=\"\" data-version=\"6.7.31\">\n\t\t\t\t\t<rs-slides style=\"overflow: hidden; position: absolute;\">\n\t\t\t\t\t\t<rs-slide style=\"position: absolute;\" data-key=\"rs-3\" data-title=\"Slide\" data-anim=\"ms:200;r:0;\" data-in=\"o:0;\" data-out=\"a:false;\">\n\t\t\t\t\t\t\t<img decoding=\"async\" src=\"\/\/hurba.fr\/wp-content\/plugins\/revslider\/sr6\/assets\/assets\/dummy.png\" alt=\"r\u00e9f\u00e9rences hurba\" title=\"references-hurba\" width=\"1801\" height=\"1013\" class=\"rev-slidebg tp-rs-img rs-lazyload\" data-lazyload=\"\/\/hurba.fr\/wp-content\/uploads\/2019\/10\/references-hurba.jpg\" data-no-retina>\n\t\t\t\t\t\t\t<rs-bgvideo \n\t\t\t\t\t\t\t\tdata-video=\"vc:none;w:100%;h:100%;nse:false;l:true;ptimer:false;\"\n\t\t\t\t\t\t\t\tdata-vimeoid=\"361985678\"\n\t\t\t\t\t\t\t\tdata-vatr=\"background=1&amp;title=0&amp;byline=0&amp;portrait=0&amp;api=1\"\n\t\t\t\t\t\t\t><\/rs-bgvideo>\n<!---->\t\t\t\t\t<\/rs-slide>\n\t\t\t\t\t<\/rs-slides>\n\t\t\t\t<\/rs-module>\n\t\t\t\t<script>\n\t\t\t\t\tsetREVStartSize({c: 'rev_slider_3_1',rl:[1240,1024,778,480],el:[550],gw:[1240],gh:[550],type:'standard',justify:'',layout:'fullwidth',mh:\"0\"});if (window.RS_MODULES!==undefined && window.RS_MODULES.modules!==undefined && window.RS_MODULES.modules[\"revslider31\"]!==undefined) {window.RS_MODULES.modules[\"revslider31\"].once = false;window.revapi3 = undefined;if (window.RS_MODULES.checkMinimal!==undefined) window.RS_MODULES.checkMinimal()}\n\t\t\t\t<\/script>\n\t\t\t<\/rs-module-wrap>\n\t\t\t<!-- END REVOLUTION SLIDER -->\n[\/vc_column][\/vc_row][vc_row css_animation=\u00a0\u00bb\u00a0\u00bb row_type=\u00a0\u00bbrow\u00a0\u00bb use_row_as_full_screen_section=\u00a0\u00bbyes\u00a0\u00bb type=\u00a0\u00bbgrid\u00a0\u00bb angled_section=\u00a0\u00bbno\u00a0\u00bb text_align=\u00a0\u00bbleft\u00a0\u00bb background_image_as_pattern=\u00a0\u00bbwithout_pattern\u00a0\u00bb css=\u00a0\u00bb.vc_custom_1668602232847{padding-top: 30px !important;padding-right: 50px !important;padding-bottom: 30px !important;padding-left: 50px !important;}\u00a0\u00bb z_index=\u00a0\u00bb\u00a0\u00bb anchor=\u00a0\u00bbexperts\u00a0\u00bb][vc_column][vc_column_text]<\/p>\n<h1>Mentions l\u00e9gales<\/h1>\n<p>[\/vc_column_text][vc_separator type=\u00a0\u00bbtransparent\u00a0\u00bb][vc_column_text]Conform\u00e9ment aux dispositions des articles 6-III et 19 de la Loi n\u00b0 2004-575 du 21 juin 2004 pour la Confiance dans l\u2019\u00e9conomie num\u00e9rique, dite L.C.E.N., nous portons \u00e0 la connaissance des Utilisateurs et visiteurs du site <a href=\"https:\/\/hurba.fr\/\">www.hurba.fr<\/a> (ci-apr\u00e8s le \u00ab\u00a0Site\u00a0\u00bb) les informations suivantes :<\/p>\n<p>&nbsp;<\/p>\n<p><strong>\u00c9diteur<\/strong><\/p>\n<p>Ce Site est \u00e9dit\u00e9 par la soci\u00e9t\u00e9\u00a0HURBA<br \/>\nSi\u00e8ge social : 5, rue des Bouchers 59000 LILLE<br \/>\nRepr\u00e9sent\u00e9e par Mme Barbara ATTIA, associ\u00e9e g\u00e9rante<\/p>\n<p><strong>H\u00e9bergement<\/strong><\/p>\n<p>Ce site est h\u00e9berg\u00e9 par\u00a0<a href=\"https:\/\/www.ovh.com\/\" target=\"_blank\" rel=\"noopener\">OVH<\/a><\/p>\n<p>&nbsp;<\/p>\n<p><strong>Objectifs et qualit\u00e9 des contenus<\/strong><\/p>\n<p>Le Site internet\u00a0Hurba.fr a pour vocation essentielle de pr\u00e9senter aux utilisateurs l\u2019organisation et les services propos\u00e9s par la soci\u00e9t\u00e9.<\/p>\n<p>L\u2019\u00abutilisateur\u00bb d\u00e9signe la personne qui visite une ou plusieurs pages du Site. Le fait d\u2019acc\u00e9der et de naviguer sur le Site constitue de la part de l\u2019Utilisateur une acceptation des points suivants.<\/p>\n<p>La soci\u00e9t\u00e9 Hurba s\u2019efforce de fournir une information de qualit\u00e9, continue, v\u00e9rifi\u00e9e, et \u00e0 jour. Toutefois si une information semble inexacte ou contient une erreur typographique, vous pouvez le signaler via le formulaire de contact.<\/p>\n<p>En tout \u00e9tat de cause, s\u2019agissant des informations relatives aux diff\u00e9rents dispositifs l\u00e9gislatifs et r\u00e9glementaires, seules les versions publi\u00e9es au Journal Officiel font foi.<\/p>\n<p>Par ailleurs, l\u2019Utilisateur est inform\u00e9 que la pr\u00e9sentation de produits et services n\u2019emporte pas accord contractuel de l\u2019\u00c9diteur ou du R\u00e9seau, le b\u00e9n\u00e9fice de ces produits et services n\u00e9cessitant une \u00e9tude individualis\u00e9e pr\u00e9alable et conforme aux conditions de fourniture du produit ou service.<\/p>\n<p>La soci\u00e9t\u00e9 HURBA se r\u00e9serve la possibilit\u00e9, de modifier, d\u2019interrompre temporairement ou de fa\u00e7on permanente, l\u2019acc\u00e8s \u00e0 tout ou partie du Site, notamment pour raison technique (maintenance) sans pr\u00e9avis ni indemnit\u00e9 quelconque.<\/p>\n<p>&nbsp;<\/p>\n<p><strong>Propri\u00e9t\u00e9 intellectuelle<\/strong><\/p>\n<p>Tous les \u00e9l\u00e9ments (photographies, vid\u00e9os, dessins, logos, mod\u00e8les, marques, textes, donn\u00e9es etc\u2026) pr\u00e9sents sur le Site ainsi que tous autres contenus\/adaptations figurant sur le Site sous quelque format que ce soit sont prot\u00e9g\u00e9s par la l\u00e9gislation en vigueur notamment sur le droit d\u2019auteur, dessins et mod\u00e8les ainsi que le droit des marques et le droit des brevets, et sont la propri\u00e9t\u00e9 de la soci\u00e9t\u00e9 HURBA.<\/p>\n<p>Toute reproduction, diffusion, utilisation, adaptation, traduction, commercialisation, partielle ou int\u00e9grale, quelle qu\u2019en soit la fin, est interdite, sauf accord pr\u00e9alable et \u00e9crit de la soci\u00e9t\u00e9 HURBA, et exposent les contrevenants \u00e0 des poursuites judiciaires.<\/p>\n<p>Ce Site peut contenir des liens vers d\u2019autres sites internet qui sont la propri\u00e9t\u00e9 de tiers ou sont exploit\u00e9s par des tiers. La soci\u00e9t\u00e9 HURBA vous propose ces liens pour faciliter votre recherche en vous orientant vers des sites susceptibles de vous fournir des informations compl\u00e9mentaires. Nous s\u00e9lectionnons ces sites avec attention ; n\u00e9anmoins, les sites internet \u00e9voluant sans cesse, nous ne pouvons garantir ou assurer la qualit\u00e9 permanente du contenu de ces sites. En cons\u00e9quence, la responsabilit\u00e9 de la soci\u00e9t\u00e9 HURBA ne saurait \u00eatre engag\u00e9e au titre d\u2019un site tiers auquel vous auriez acc\u00e8s via le Site. A noter que l\u2019existence d\u2019un lien entre le Site et un site tiers ne signifie en aucun cas l\u2019approbation du contenu du site tiers par la soci\u00e9t\u00e9 HURBA.<\/p>\n<p>&nbsp;<\/p>\n<p><strong>Cr\u00e9dits<\/strong><\/p>\n<p>Responsable de la publication : Mme Barbara ATTIA<br \/>\nPhotos : Adobe Stock<\/p>\n<p>&nbsp;<\/p>\n<p><strong>Donn\u00e9es personnelles collect\u00e9es sur le site<\/strong><\/p>\n<p>La soci\u00e9t\u00e9 HURBA est engag\u00e9e dans une d\u00e9marche de protection des donn\u00e9es \u00e0 caract\u00e8re personnel des Utilisateurs, conform\u00e9ment \u00e0 la Loi Informatique et Libert\u00e9s du 6 janvier 1978 modifi\u00e9e (ci-apr\u00e8s \u00ab LIL \u00bb) et du r\u00e8glement n\u00b0 2016\/679, dit r\u00e8glement g\u00e9n\u00e9ral sur la protection des donn\u00e9es (ci-apr\u00e8s d\u00e9nomm\u00e9 \u00ab le RGPD \u00bb).<\/p>\n<p>Les traitements sur les donn\u00e9es personnelles r\u00e9alis\u00e9s par la soci\u00e9t\u00e9 HURBA sont pr\u00e9cis\u00e9s dans sur sa page \u00ab\u00a0Protection des donn\u00e9es personnelles\u00a0\u00bb.<\/p>\n<p>Ce Site n\u2019est pas destin\u00e9 \u00e0 recevoir des informations \u00e0 caract\u00e8re confidentiel des Utilisateurs.<\/p>\n<p>A l\u2019exception des donn\u00e9es personnelles vis\u00e9es ci-dessus, toute information, quelle qu\u2019en soit la forme, que vous communiquez sur ce Site ne sera en aucun cas tenue pour confidentielle. Ainsi, la simple communication de ses informations par vos soins nous conf\u00e8re le droit de l\u2019utiliser, de la diffuser, de la reproduire, de la modifier ou de la transmettre dans le but de traiter votre demande.<\/p>\n<p>&nbsp;<\/p>\n<p><strong>Limitation de responsabilit\u00e9<\/strong><strong>\u00a0<\/strong><\/p>\n<p>La soci\u00e9t\u00e9 HURBA s\u2019efforce d\u2019assurer au mieux de ses possibilit\u00e9s la mise \u00e0 jour des informations diffus\u00e9es sur ce Site dont elle se r\u00e9serve le droit de corriger \u00e0 tout moment son contenu. Toutefois, la soci\u00e9t\u00e9 HURBA ne peut garantir la pr\u00e9cision, l\u2019exactitude ou l\u2019exhaustivit\u00e9 des informations mises \u00e0 disposition sur ce Site.<\/p>\n<p>En cons\u00e9quence, la soci\u00e9t\u00e9 HURBA d\u00e9cline toute responsabilit\u00e9 :<\/p>\n<ul>\n<li>quant aux dommages directs ou indirects, quelles qu\u2019en soit les causes, origines, natures ou cons\u00e9quences, quand bien m\u00eame la soci\u00e9t\u00e9 HURBA aurait \u00e9t\u00e9 avis\u00e9 de la possibilit\u00e9 de tels dommages, provoqu\u00e9s \u00e0 raison du cr\u00e9dit accord\u00e9 \u00e0 une quelconque information provenant directement ou indirectement du Site ;<\/li>\n<li>pouvant survenir lors de l\u2019utilisation du Site ou suite \u00e0 l\u2019utilisation de tout ou partie des informations contenues sur ce Site ;<\/li>\n<li>pour tous dommages r\u00e9sultant d\u2019une intrusion frauduleuse d\u2019un tiers ayant modifi\u00e9 les informations ou \u00e9l\u00e9ments contenus sur le Site ;<\/li>\n<li>tout dommage subi par l\u2019\u00e9quipement informatique de tout Utilisateur, visitant le Site.<\/li>\n<\/ul>\n<p>Les \u00e9l\u00e9ments de ce Site ou de tout autre site, li\u00e9 ou non \u00e0 ce site, sont fournis \u00ab en l\u2019\u00e9tat \u00bb sans aucune garantie d\u2019aucune sorte. En outre, la soci\u00e9t\u00e9 HURBA n\u2019offre aucune garantie, implicite ou explicite, relative \u00e0 l\u2019ad\u00e9quation des \u00e9l\u00e9ments du Site \u00e0 une fin donn\u00e9e.<\/p>\n<p>&nbsp;<\/p>\n<p><strong>Loi applicable et juridiction<\/strong><\/p>\n<p>Le Site a \u00e9t\u00e9 con\u00e7u en France, il est \u00e9galement h\u00e9berg\u00e9 en France.\u00a0Les pr\u00e9sentes mentions l\u00e9gales du Site sont soumises au droit fran\u00e7ais. En cas de litige, les tribunaux fran\u00e7ais seront seuls comp\u00e9tents.[\/vc_column_text][\/vc_column][\/vc_row]<\/p>\n<\/div>","protected":false},"excerpt":{"rendered":"<p>[vc_row css_animation=\u00a0\u00bb\u00a0\u00bb row_type=\u00a0\u00bbrow\u00a0\u00bb use_row_as_full_screen_section=\u00a0\u00bbno\u00a0\u00bb type=\u00a0\u00bbfull_width\u00a0\u00bb angled_section=\u00a0\u00bbno\u00a0\u00bb text_align=\u00a0\u00bbleft\u00a0\u00bb background_image_as_pattern=\u00a0\u00bbwithout_pattern\u00a0\u00bb][vc_column][\/vc_column][\/vc_row][vc_row css_animation=\u00a0\u00bb\u00a0\u00bb row_type=\u00a0\u00bbrow\u00a0\u00bb use_row_as_full_screen_section=\u00a0\u00bbyes\u00a0\u00bb type=\u00a0\u00bbgrid\u00a0\u00bb angled_section=\u00a0\u00bbno\u00a0\u00bb text_align=\u00a0\u00bbleft\u00a0\u00bb background_image_as_pattern=\u00a0\u00bbwithout_pattern\u00a0\u00bb css=\u00a0\u00bb.vc_custom_1668602232847{padding-top: 30px !important;padding-right: 50px !important;padding-bottom: 30px !important;padding-left: 50px !important;}\u00a0\u00bb z_index=\u00a0\u00bb\u00a0\u00bb anchor=\u00a0\u00bbexperts\u00a0\u00bb][vc_column][vc_column_text] Mentions l\u00e9gales [\/vc_column_text][vc_separator type=\u00a0\u00bbtransparent\u00a0\u00bb][vc_column_text]Conform\u00e9ment aux dispositions des articles 6-III et 19 de la Loi n\u00b0 2004-575 du 21 juin&#8230;<\/p>\n","protected":false},"author":1,"featured_media":0,"parent":0,"menu_order":0,"comment_status":"closed","ping_status":"closed","template":"full_width.php","meta":{"footnotes":""},"class_list":["post-17082","page","type-page","status-publish","hentry"],"yoast_head":"<!-- This site is optimized with the Yoast SEO Premium plugin v22.3 (Yoast SEO v27.4) - https:\/\/yoast.com\/product\/yoast-seo-premium-wordpress\/ -->\n<title>R\u00e9f\u00e9rences Hurba \u2022 Psychologie urbaine<\/title>\n<meta name=\"description\" content=\"Nos r\u00e9f\u00e9rences : le cabinet Hurba accompagne les entreprises de France, les collectivit\u00e9s et leurs partenaires (acteurs de l\u2019habitat priv\u00e9 et public, promoteurs, bailleurs sociaux, am\u00e9nageurs).\" \/>\n<meta name=\"robots\" content=\"index, follow, max-snippet:-1, max-image-preview:large, max-video-preview:-1\" \/>\n<link rel=\"canonical\" href=\"https:\/\/hurba.fr\/fr\/mentions-legales\/\" \/>\n<meta property=\"og:locale\" content=\"fr_FR\" \/>\n<meta property=\"og:type\" content=\"article\" \/>\n<meta property=\"og:title\" content=\"Mentions l\u00e9gales\" \/>\n<meta property=\"og:description\" content=\"Nos r\u00e9f\u00e9rences : le cabinet Hurba accompagne les entreprises de France, les collectivit\u00e9s et leurs partenaires (acteurs de l\u2019habitat priv\u00e9 et public, promoteurs, bailleurs sociaux, am\u00e9nageurs).\" \/>\n<meta property=\"og:url\" content=\"https:\/\/hurba.fr\/fr\/mentions-legales\/\" \/>\n<meta property=\"og:site_name\" content=\"HURBA\" \/>\n<meta property=\"article:modified_time\" content=\"2022-11-16T12:37:15+00:00\" \/>\n<meta name=\"twitter:card\" content=\"summary_large_image\" \/>\n<meta name=\"twitter:label1\" content=\"Dur\u00e9e de lecture estim\u00e9e\" \/>\n\t<meta name=\"twitter:data1\" content=\"6 minutes\" \/>\n<script type=\"application\/ld+json\" class=\"yoast-schema-graph\">{\"@context\":\"https:\\\/\\\/schema.org\",\"@graph\":[{\"@type\":\"WebPage\",\"@id\":\"https:\\\/\\\/hurba.fr\\\/fr\\\/mentions-legales\\\/\",\"url\":\"https:\\\/\\\/hurba.fr\\\/fr\\\/mentions-legales\\\/\",\"name\":\"R\u00e9f\u00e9rences Hurba \u2022 Psychologie urbaine\",\"isPartOf\":{\"@id\":\"https:\\\/\\\/hurba.fr\\\/en\\\/#website\"},\"datePublished\":\"2022-11-16T12:34:46+00:00\",\"dateModified\":\"2022-11-16T12:37:15+00:00\",\"description\":\"Nos r\u00e9f\u00e9rences : le cabinet Hurba accompagne les entreprises de France, les collectivit\u00e9s et leurs partenaires (acteurs de l\u2019habitat priv\u00e9 et public, promoteurs, bailleurs sociaux, am\u00e9nageurs).\",\"breadcrumb\":{\"@id\":\"https:\\\/\\\/hurba.fr\\\/fr\\\/mentions-legales\\\/#breadcrumb\"},\"inLanguage\":\"fr-FR\",\"potentialAction\":[{\"@type\":\"ReadAction\",\"target\":[\"https:\\\/\\\/hurba.fr\\\/fr\\\/mentions-legales\\\/\"]}]},{\"@type\":\"BreadcrumbList\",\"@id\":\"https:\\\/\\\/hurba.fr\\\/fr\\\/mentions-legales\\\/#breadcrumb\",\"itemListElement\":[{\"@type\":\"ListItem\",\"position\":1,\"name\":\"Home\",\"item\":\"https:\\\/\\\/hurba.fr\\\/fr\\\/\"},{\"@type\":\"ListItem\",\"position\":2,\"name\":\"Mentions l\u00e9gales\"}]},{\"@type\":\"WebSite\",\"@id\":\"https:\\\/\\\/hurba.fr\\\/en\\\/#website\",\"url\":\"https:\\\/\\\/hurba.fr\\\/en\\\/\",\"name\":\"HURBA\",\"description\":\"Psychologie urbaine\",\"potentialAction\":[{\"@type\":\"SearchAction\",\"target\":{\"@type\":\"EntryPoint\",\"urlTemplate\":\"https:\\\/\\\/hurba.fr\\\/en\\\/?s={search_term_string}\"},\"query-input\":{\"@type\":\"PropertyValueSpecification\",\"valueRequired\":true,\"valueName\":\"search_term_string\"}}],\"inLanguage\":\"fr-FR\"}]}<\/script>\n<!-- \/ Yoast SEO Premium plugin. -->","yoast_head_json":{"title":"R\u00e9f\u00e9rences Hurba \u2022 Psychologie urbaine","description":"Nos r\u00e9f\u00e9rences : le cabinet Hurba accompagne les entreprises de France, les collectivit\u00e9s et leurs partenaires (acteurs de l\u2019habitat priv\u00e9 et public, promoteurs, bailleurs sociaux, am\u00e9nageurs).","robots":{"index":"index","follow":"follow","max-snippet":"max-snippet:-1","max-image-preview":"max-image-preview:large","max-video-preview":"max-video-preview:-1"},"canonical":"https:\/\/hurba.fr\/fr\/mentions-legales\/","og_locale":"fr_FR","og_type":"article","og_title":"Mentions l\u00e9gales","og_description":"Nos r\u00e9f\u00e9rences : le cabinet Hurba accompagne les entreprises de France, les collectivit\u00e9s et leurs partenaires (acteurs de l\u2019habitat priv\u00e9 et public, promoteurs, bailleurs sociaux, am\u00e9nageurs).","og_url":"https:\/\/hurba.fr\/fr\/mentions-legales\/","og_site_name":"HURBA","article_modified_time":"2022-11-16T12:37:15+00:00","twitter_card":"summary_large_image","twitter_misc":{"Dur\u00e9e de lecture estim\u00e9e":"6 minutes"},"schema":{"@context":"https:\/\/schema.org","@graph":[{"@type":"WebPage","@id":"https:\/\/hurba.fr\/fr\/mentions-legales\/","url":"https:\/\/hurba.fr\/fr\/mentions-legales\/","name":"R\u00e9f\u00e9rences Hurba \u2022 Psychologie urbaine","isPartOf":{"@id":"https:\/\/hurba.fr\/en\/#website"},"datePublished":"2022-11-16T12:34:46+00:00","dateModified":"2022-11-16T12:37:15+00:00","description":"Nos r\u00e9f\u00e9rences : le cabinet Hurba accompagne les entreprises de France, les collectivit\u00e9s et leurs partenaires (acteurs de l\u2019habitat priv\u00e9 et public, promoteurs, bailleurs sociaux, am\u00e9nageurs).","breadcrumb":{"@id":"https:\/\/hurba.fr\/fr\/mentions-legales\/#breadcrumb"},"inLanguage":"fr-FR","potentialAction":[{"@type":"ReadAction","target":["https:\/\/hurba.fr\/fr\/mentions-legales\/"]}]},{"@type":"BreadcrumbList","@id":"https:\/\/hurba.fr\/fr\/mentions-legales\/#breadcrumb","itemListElement":[{"@type":"ListItem","position":1,"name":"Home","item":"https:\/\/hurba.fr\/fr\/"},{"@type":"ListItem","position":2,"name":"Mentions l\u00e9gales"}]},{"@type":"WebSite","@id":"https:\/\/hurba.fr\/en\/#website","url":"https:\/\/hurba.fr\/en\/","name":"HURBA","description":"Psychologie urbaine","potentialAction":[{"@type":"SearchAction","target":{"@type":"EntryPoint","urlTemplate":"https:\/\/hurba.fr\/en\/?s={search_term_string}"},"query-input":{"@type":"PropertyValueSpecification","valueRequired":true,"valueName":"search_term_string"}}],"inLanguage":"fr-FR"}]}},"_links":{"self":[{"href":"https:\/\/hurba.fr\/fr\/wp-json\/wp\/v2\/pages\/17082","targetHints":{"allow":["GET"]}}],"collection":[{"href":"https:\/\/hurba.fr\/fr\/wp-json\/wp\/v2\/pages"}],"about":[{"href":"https:\/\/hurba.fr\/fr\/wp-json\/wp\/v2\/types\/page"}],"author":[{"embeddable":true,"href":"https:\/\/hurba.fr\/fr\/wp-json\/wp\/v2\/users\/1"}],"replies":[{"embeddable":true,"href":"https:\/\/hurba.fr\/fr\/wp-json\/wp\/v2\/comments?post=17082"}],"version-history":[{"count":0,"href":"https:\/\/hurba.fr\/fr\/wp-json\/wp\/v2\/pages\/17082\/revisions"}],"wp:attachment":[{"href":"https:\/\/hurba.fr\/fr\/wp-json\/wp\/v2\/media?parent=17082"}],"curies":[{"name":"wp","href":"https:\/\/api.w.org\/{rel}","templated":true}]}}