{"id":17161,"date":"2024-05-01T07:52:06","date_gmt":"2024-05-01T05:52:06","guid":{"rendered":"https:\/\/hurba.fr\/?page_id=17161"},"modified":"2024-05-01T07:52:06","modified_gmt":"2024-05-01T05:52:06","slug":"donnees-personnelles-et-protection-des-donnees","status":"publish","type":"page","link":"https:\/\/hurba.fr\/fr\/donnees-personnelles-et-protection-des-donnees\/","title":{"rendered":"Donn\u00e9es personnelles et protection des donn\u00e9es"},"content":{"rendered":"<div class=\"elementor elementor-824\" data-elementor-type=\"wp-page\" data-elementor-id=\"824\" data-elementor-post-type=\"page\">\n<section id=\"explore\" class=\"elementor-section elementor-top-section elementor-element elementor-element-7ca5449d elementor-section-height-min-height elementor-section-boxed elementor-section-height-default elementor-section-items-middle\" data-id=\"7ca5449d\" data-element_type=\"section\">\n<div class=\"elementor-container elementor-column-gap-no\">\n<div class=\"elementor-column elementor-col-100 elementor-top-column elementor-element elementor-element-dad1b65\" data-id=\"dad1b65\" data-element_type=\"column\">\n<div class=\"elementor-widget-wrap elementor-element-populated\">\n<section class=\"elementor-section elementor-inner-section elementor-element elementor-element-117b5c6a elementor-section-boxed elementor-section-height-default elementor-section-height-default\" data-id=\"117b5c6a\" data-element_type=\"section\">\n<div class=\"elementor-container elementor-column-gap-no\">\n<div class=\"elementor-column elementor-col-100 elementor-inner-column elementor-element elementor-element-5f0b4b06\" data-id=\"5f0b4b06\" data-element_type=\"column\">\n<div class=\"elementor-widget-wrap elementor-element-populated\">\n<div class=\"elementor-element elementor-element-5a97e92 elementor-widget elementor-widget-heading\" data-id=\"5a97e92\" data-element_type=\"widget\" data-widget_type=\"heading.default\">\n<div class=\"elementor-widget-container\">\n<h4 class=\"elementor-heading-title elementor-size-default\">Les interventions men\u00e9es par le cabinet Hurba respectent le R\u00e9glement G\u00e9n\u00e9ral de la Protection des Donn\u00e9es (RGPD, mai 2018). Elles reposent par ailleurs sur la libert\u00e9 et la confidentialit\u00e9 totales des r\u00e9pondants :<\/h4>\n<ul>\n<li class=\"elementor-heading-title elementor-size-default\">\u2060les habitants sont libres de participer ou pas ;<\/li>\n<li class=\"elementor-heading-title elementor-size-default\">\u00a0\u2060de r\u00e9pondre aux questions auxquelles ils souhaitent r\u00e9pondre ;<\/li>\n<li class=\"elementor-heading-title elementor-size-default\">\u2060d\u2019abandonner le questionnaire en cours de route.<\/li>\n<\/ul>\n<p>&nbsp;<\/p>\n<p>Toute collecte de donn\u00e9e non anonyme (exemple : adresse e-mail pour participation aux groupes de travail) se fait sur la base d\u2019une information et acceptation pr\u00e9alables.<br \/>\nCes informations sont conserv\u00e9es de mani\u00e8re strictement confidentielle le temps de la d\u00e9marche (code de d\u00e9ontologie du psychologue) et supprim\u00e9es 1 mois apr\u00e8s la fin de l\u2019intervention.<\/p>\n<\/div>\n<\/div>\n<\/div>\n<\/div>\n<\/div>\n<\/section>\n<div class=\"elementor-element elementor-element-5c05353e elementor-widget-divider--view-line elementor-widget elementor-widget-divider elementor-motion-effects-parent\" data-id=\"5c05353e\" data-element_type=\"widget\" data-settings=\"{&quot;motion_fx_motion_fx_scrolling&quot;:&quot;yes&quot;,&quot;motion_fx_scale_effect&quot;:&quot;yes&quot;,&quot;motion_fx_scale_direction&quot;:&quot;in-out&quot;,&quot;motion_fx_scale_speed&quot;:{&quot;unit&quot;:&quot;px&quot;,&quot;size&quot;:&quot;-10&quot;,&quot;sizes&quot;:[]},&quot;motion_fx_scale_range&quot;:{&quot;unit&quot;:&quot;%&quot;,&quot;size&quot;:&quot;&quot;,&quot;sizes&quot;:{&quot;start&quot;:&quot;20&quot;,&quot;end&quot;:&quot;50&quot;}},&quot;motion_fx_devices&quot;:[&quot;desktop&quot;,&quot;tablet&quot;,&quot;mobile&quot;]}\" data-widget_type=\"divider.default\">\n<div class=\"elementor-widget-container elementor-motion-effects-element\">\n<div class=\"elementor-divider\">&#8212;&#8212;-<\/div>\n<\/div>\n<\/div>\n<section class=\"elementor-section elementor-inner-section elementor-element elementor-element-162d2f7c elementor-section-boxed elementor-section-height-default elementor-section-height-default\" data-id=\"162d2f7c\" data-element_type=\"section\">\n<div class=\"elementor-container elementor-column-gap-default\">\n<div class=\"elementor-column elementor-col-100 elementor-inner-column elementor-element elementor-element-50a7304d\" data-id=\"50a7304d\" data-element_type=\"column\">\n<div class=\"elementor-widget-wrap elementor-element-populated\">\n<div class=\"elementor-element elementor-element-b3e8407 elementor-widget elementor-widget-text-editor\" data-id=\"b3e8407\" data-element_type=\"widget\" data-widget_type=\"text-editor.default\">\n<div class=\"elementor-widget-container\">\n<h4><strong>1. La protection de vos donn\u00e9es personnelles<\/strong><\/h4>\n<p>La soci\u00e9t\u00e9 Hurba est engag\u00e9e dans une d\u00e9marche de protection des donn\u00e9es \u00e0 caract\u00e8re personnel des Utilisateurs, conform\u00e9ment \u00e0 la Loi Informatique et Libert\u00e9s du 6 janvier 1978 modifi\u00e9e (ci-apr\u00e8s \u00ab LIL \u00bb) et du r\u00e8glement n\u00b0 2016\/679, dit r\u00e8glement g\u00e9n\u00e9ral sur la protection des donn\u00e9es (ci-apr\u00e8s d\u00e9nomm\u00e9 \u00ab le RGPD \u00bb).<\/p>\n<h4><strong>2. Qui est responsable du traitement des donn\u00e9es personnelles ?<\/strong><\/h4>\n<p>Le responsable du traitement des donn\u00e9es personnelles :<br \/>\nla soci\u00e9t\u00e9 HURBA dont le si\u00e8ge social est situ\u00e9 5, rue des Bouchers 59000 LILLE, repr\u00e9sent\u00e9e par Mme Barbara ATTIA, associ\u00e9e g\u00e9rante.<\/p>\n<h4><strong>3. Quelles sont les cat\u00e9gories de donn\u00e9es personnelles trait\u00e9es ?<\/strong><\/h4>\n<p>La notion de \u00ab donn\u00e9es personnelles \u00bb, \u00ab donn\u00e9es \u00e0 caract\u00e8re personnel \u00bb ou \u00ab donn\u00e9es \u00bb d\u00e9signe toute information se rapportant \u00e0 une personne physique identifi\u00e9e ou identifiable.<\/p>\n<p>La notion de \u00ab traitement \u00bb ou \u00ab traite(r) \u00bb consiste en une ou des op\u00e9rations r\u00e9alis\u00e9es sur des donn\u00e9es personnelles comme notamment la collecte, l\u2019enregistrement, l\u2019utilisation, la transmission ou la communication de ces donn\u00e9es.<\/p>\n<p>La soci\u00e9t\u00e9 HURBA peut \u00eatre amen\u00e9e \u00e0 traiter des donn\u00e9es personnelles relatives \u00e0 votre identit\u00e9, telles que par exemple votre nom et votre pr\u00e9nom ; aux moyens de vous contacter, tels que votre num\u00e9ro de t\u00e9l\u00e9phone, votre adresse e-mail.<\/p>\n<h4><strong>4. Pour quelles raisons\/finalit\u00e9s, et sur quelles bases l\u00e9gales les donn\u00e9es personnelles sont-elles trait\u00e9es ?<\/strong><\/h4>\n<p>Les traitements g\u00e9r\u00e9s par le Responsable de traitement suivent les finalit\u00e9s suivantes :<\/p>\n<ul>\n<li>Utiliser les coordonn\u00e9es communiqu\u00e9es par l\u2019Utilisateur sur le formulaire de prise de contact pour joindre l\u2019Utilisateur afin de r\u00e9pondre \u00e0 sa demande.<\/li>\n<li>G\u00e9rer le d\u00e9p\u00f4t des cookies pour r\u00e9aliser des statistiques de visites et pouvoir acc\u00e9der au contenu des r\u00e9seaux sociaux.<\/li>\n<\/ul>\n<h4><strong>\u00a0<\/strong><\/h4>\n<h4><strong>5. Quelles sont les donn\u00e9es obligatoires ?<\/strong><\/h4>\n<p>La collecte des donn\u00e9es est limit\u00e9e aux informations n\u00e9cessaires \u00e0 l\u2019accomplissement de ces finalit\u00e9s.<\/p>\n<p>Les donn\u00e9es obligatoires sont indiqu\u00e9es comme telles par un ast\u00e9risque dans les formulaires de collecte afin de pouvoir r\u00e9pondre \u00e0 votre demande. Les cons\u00e9quences d\u2019un d\u00e9faut de r\u00e9ponse sont pr\u00e9cis\u00e9es dans le formulaire de collecte concern\u00e9.<\/p>\n<p>La soci\u00e9t\u00e9 HURBA collecte \u00e9galement des donn\u00e9es relatives \u00e0 votre navigation sur le Site, gr\u00e2ce \u00e0 des fichiers appel\u00e9s \u00ab Cookies \u00bb, afin de r\u00e9aliser des statistiques de visites (se r\u00e9f\u00e9rer \u00e0 la rubrique \u00ab cookies \u00bb).<\/p>\n<h4><strong>6. Quels sont les destinataires de vos donn\u00e9es ?<\/strong><\/h4>\n<p>Les donn\u00e9es \u00e0 caract\u00e8re personnel collect\u00e9es par la soci\u00e9t\u00e9 HURBA sont enregistr\u00e9es et transmises \u00e0 ses services internes afin de pouvoir traiter vos demandes, \u00e9tablir des statistiques anonymis\u00e9es notamment de fr\u00e9quentation et de performance du site internet.<\/p>\n<p>En fonction de ces finalit\u00e9s, et notamment pour r\u00e9pondre au traitement statistique des questionnaires, les donn\u00e9es seront transmises \u00e0 l\u2019\u00e9quipe de la soci\u00e9t\u00e9 HURBA.<\/p>\n<h4><strong>7. Quelles est la dur\u00e9e de conservation de vos donn\u00e9es ?<\/strong><\/h4>\n<p>Les donn\u00e9es ne sont conserv\u00e9es que pendant la dur\u00e9e strictement n\u00e9cessaire \u00e0 la r\u00e9alisation des finalit\u00e9s.<\/p>\n<p>Les donn\u00e9es sont conserv\u00e9es, en base active, pour une dur\u00e9e d\u00e9termin\u00e9e comme suit :<\/p>\n<ul>\n<li>Gestion de vos demandes, questions, mises en relations : jusqu\u2019\u00e0 l\u2019envoi d\u2019une r\u00e9ponse \u00e0 votre demande<\/li>\n<li>L\u2019analyse et la mesure de la fr\u00e9quentation du site : 25 mois maximum \u00e0 compter du d\u00e9p\u00f4t de cookies<\/li>\n<\/ul>\n<p>A l\u2019\u00e9ch\u00e9ance, les donn\u00e9es peuvent faire l\u2019objet d\u2019un archivage interm\u00e9diaire, en raison (i) d\u2019une obligation l\u00e9gale de conservation de donn\u00e9es pendant une dur\u00e9e fix\u00e9e, ou (ii) d\u2019un int\u00e9r\u00eat administratif justifiant leur conservation en mati\u00e8re commerciale, civile ou fiscale.<\/p>\n<h4><strong>8. Quels sont vos droits relatifs au traitement de vos donn\u00e9es personnelles ?<\/strong><\/h4>\n<p>Conform\u00e9ment \u00e0 la r\u00e9glementation, vous disposez du droit d\u2019acc\u00e9der \u00e0 vos donn\u00e9es personnelles, de les rectifier, de vous opposer \u00e0 leur traitement ou d\u2019en obtenir la limitation, l\u2019effacement ou leur portabilit\u00e9 lorsque cela est applicable.<\/p>\n<p>Pour exercer ce droit\u00a0contactez le responsable des donn\u00e9es\u00a0:<\/p>\n<ul>\n<li>par courrier postal \u00e0 : HURBA \u2013 Service Protection des donn\u00e9es personnelles, 5, rue des Bouchers 59000 LILLE<\/li>\n<li>par email \u00e0 l\u2019adresse \u00e9lectronique suivante : contact@hurba.fr<\/li>\n<\/ul>\n<p>Les demandes ainsi formul\u00e9es doivent \u00eatre accompagn\u00e9es d\u2019un justificatif d\u2019identit\u00e9 pour pouvoir \u00eatre prises en compte par la soci\u00e9t\u00e9 HURBA.<\/p>\n<p>En cas de r\u00e9clamation \u00e0 laquelle la soci\u00e9t\u00e9 HURBA n\u2019aurait pas donn\u00e9 de r\u00e9ponse satisfaisante, vous avez la possibilit\u00e9 de d\u00e9poser une r\u00e9clamation directement aupr\u00e8s de la CNIL : Commission Nationale de l\u2019Informatique et des Libert\u00e9s (CNIL) : 3 Place de Fontenoy \u2013 TSA 80715 \u2013 75334 Paris 07. www.cnil.fr.<\/p>\n<h4><strong>9. Cookies<\/strong><\/h4>\n<p>9.1. Utilisation de cookies<\/p>\n<p>Vous \u00eates inform\u00e9 que, lors de la visite sur le site, des cookies et autres traceurs peuvent s\u2019installer sur votre logiciel de navigation.<\/p>\n<p>Vous pouvez configurer votre navigateur pour accepter ou refuser au cas par cas les cookies pr\u00e9alablement \u00e0 leur installation.<\/p>\n<p>Pour l\u2019utilisation du site, et s\u2019agissant de cookies strictement n\u00e9cessaires au fonctionnement du site et\/ou s\u2019ils r\u00e9pondent aux conditions d\u00e9finies par la CNIL pour \u00eatre exempt\u00e9s de consentement, leur d\u00e9p\u00f4t ne n\u00e9cessite pas votre consentement. Il s\u2019agit de cookies assurant le bon fonctionnement du site et sa performance (notamment mesure d\u2019audience, production de statistiques anonymes).<\/p>\n<p>Le d\u00e9p\u00f4t d\u2019autres cookies est conditionn\u00e9 par votre consentement.<\/p>\n<p>9.2. Consentement au d\u00e9p\u00f4t des cookies<\/p>\n<p>Lors de votre premi\u00e8re visite sur le site, vous \u00eates inform\u00e9 par un encart en surbrillance du d\u00e9p\u00f4t de cookies et de la possibilit\u00e9 d\u2019acception ou refuser tout ou partie des autres cookies, ainsi que de leur finalit\u00e9, et dur\u00e9e de d\u00e9p\u00f4t.<\/p>\n<p>Vous pouvez \u00e0 tout moment revenir sur votre consentement et accepter ou refuser tout ou parties des cookies (hors ceux assurant le bon fonctionnement et la performance du site).<\/p>\n<p>Pour ce faire, vous devez vous rendre sur le lien \u00ab Gestion des cookies \u00bb dans le pied de page et modifier vos choix en fonction des diff\u00e9rents cookies vis\u00e9s.<\/p>\n<p>9.3. Les cookies d\u00e9pos\u00e9s sur le site<\/p>\n<p>Permettent de mesurer et d\u2019analyser la fr\u00e9quentation et l\u2019utilisation du site<br \/>\nPermettent de rendre le site utilisable en activant des fonctions de base comme la navigation de page et l\u2019acc\u00e8s aux zones s\u00e9curis\u00e9es du Site. Le site ne peut pas fonctionner correctement sans ces cookies.<br \/>\nPermettent de m\u00e9moriser certaines informations relatives, par exemple, \u00e0 un formulaire ou un choix de services.<\/p>\n<\/div>\n<\/div>\n<\/div>\n<\/div>\n<\/div>\n<\/section>\n<\/div>\n<\/div>\n<\/div>\n<\/section>\n<\/div>\n","protected":false},"excerpt":{"rendered":"<p>Les interventions men\u00e9es par le cabinet Hurba respectent le R\u00e9glement G\u00e9n\u00e9ral de la Protection des Donn\u00e9es (RGPD, mai 2018). Elles reposent par ailleurs sur la libert\u00e9 et la confidentialit\u00e9 totales des r\u00e9pondants : \u2060les habitants sont libres de participer ou pas ; \u00a0\u2060de r\u00e9pondre aux&#8230;<\/p>\n","protected":false},"author":1,"featured_media":0,"parent":0,"menu_order":0,"comment_status":"closed","ping_status":"closed","template":"","meta":{"footnotes":""},"class_list":["post-17161","page","type-page","status-publish","hentry"],"yoast_head":"<!-- This site is optimized with the Yoast SEO Premium plugin v22.3 (Yoast SEO v27.4) - https:\/\/yoast.com\/product\/yoast-seo-premium-wordpress\/ -->\n<title>Donn\u00e9es personnelles et protection des donn\u00e9es - HURBA<\/title>\n<meta name=\"robots\" content=\"index, follow, max-snippet:-1, max-image-preview:large, max-video-preview:-1\" \/>\n<link rel=\"canonical\" href=\"https:\/\/hurba.fr\/fr\/donnees-personnelles-et-protection-des-donnees\/\" \/>\n<meta property=\"og:locale\" content=\"fr_FR\" \/>\n<meta property=\"og:type\" content=\"article\" \/>\n<meta property=\"og:title\" content=\"Donn\u00e9es personnelles et protection des donn\u00e9es\" \/>\n<meta property=\"og:description\" content=\"Les interventions men\u00e9es par le cabinet Hurba respectent le R\u00e9glement G\u00e9n\u00e9ral de la Protection des Donn\u00e9es (RGPD, mai 2018). Elles reposent par ailleurs sur la libert\u00e9 et la confidentialit\u00e9 totales des r\u00e9pondants : \u2060les habitants sont libres de participer ou pas ; \u00a0\u2060de r\u00e9pondre aux...\" \/>\n<meta property=\"og:url\" content=\"https:\/\/hurba.fr\/fr\/donnees-personnelles-et-protection-des-donnees\/\" \/>\n<meta property=\"og:site_name\" content=\"HURBA\" \/>\n<meta name=\"twitter:card\" content=\"summary_large_image\" \/>\n<meta name=\"twitter:label1\" content=\"Dur\u00e9e de lecture estim\u00e9e\" \/>\n\t<meta name=\"twitter:data1\" content=\"6 minutes\" \/>\n<script type=\"application\/ld+json\" class=\"yoast-schema-graph\">{\"@context\":\"https:\\\/\\\/schema.org\",\"@graph\":[{\"@type\":\"WebPage\",\"@id\":\"https:\\\/\\\/hurba.fr\\\/fr\\\/donnees-personnelles-et-protection-des-donnees\\\/\",\"url\":\"https:\\\/\\\/hurba.fr\\\/fr\\\/donnees-personnelles-et-protection-des-donnees\\\/\",\"name\":\"Donn\u00e9es personnelles et protection des donn\u00e9es - HURBA\",\"isPartOf\":{\"@id\":\"https:\\\/\\\/hurba.fr\\\/en\\\/#website\"},\"datePublished\":\"2024-05-01T05:52:06+00:00\",\"breadcrumb\":{\"@id\":\"https:\\\/\\\/hurba.fr\\\/fr\\\/donnees-personnelles-et-protection-des-donnees\\\/#breadcrumb\"},\"inLanguage\":\"fr-FR\",\"potentialAction\":[{\"@type\":\"ReadAction\",\"target\":[\"https:\\\/\\\/hurba.fr\\\/fr\\\/donnees-personnelles-et-protection-des-donnees\\\/\"]}]},{\"@type\":\"BreadcrumbList\",\"@id\":\"https:\\\/\\\/hurba.fr\\\/fr\\\/donnees-personnelles-et-protection-des-donnees\\\/#breadcrumb\",\"itemListElement\":[{\"@type\":\"ListItem\",\"position\":1,\"name\":\"Home\",\"item\":\"https:\\\/\\\/hurba.fr\\\/fr\\\/\"},{\"@type\":\"ListItem\",\"position\":2,\"name\":\"Donn\u00e9es personnelles et protection des donn\u00e9es\"}]},{\"@type\":\"WebSite\",\"@id\":\"https:\\\/\\\/hurba.fr\\\/en\\\/#website\",\"url\":\"https:\\\/\\\/hurba.fr\\\/en\\\/\",\"name\":\"HURBA\",\"description\":\"Psychologie urbaine\",\"potentialAction\":[{\"@type\":\"SearchAction\",\"target\":{\"@type\":\"EntryPoint\",\"urlTemplate\":\"https:\\\/\\\/hurba.fr\\\/en\\\/?s={search_term_string}\"},\"query-input\":{\"@type\":\"PropertyValueSpecification\",\"valueRequired\":true,\"valueName\":\"search_term_string\"}}],\"inLanguage\":\"fr-FR\"}]}<\/script>\n<!-- \/ Yoast SEO Premium plugin. -->","yoast_head_json":{"title":"Donn\u00e9es personnelles et protection des donn\u00e9es - HURBA","robots":{"index":"index","follow":"follow","max-snippet":"max-snippet:-1","max-image-preview":"max-image-preview:large","max-video-preview":"max-video-preview:-1"},"canonical":"https:\/\/hurba.fr\/fr\/donnees-personnelles-et-protection-des-donnees\/","og_locale":"fr_FR","og_type":"article","og_title":"Donn\u00e9es personnelles et protection des donn\u00e9es","og_description":"Les interventions men\u00e9es par le cabinet Hurba respectent le R\u00e9glement G\u00e9n\u00e9ral de la Protection des Donn\u00e9es (RGPD, mai 2018). Elles reposent par ailleurs sur la libert\u00e9 et la confidentialit\u00e9 totales des r\u00e9pondants : \u2060les habitants sont libres de participer ou pas ; \u00a0\u2060de r\u00e9pondre aux...","og_url":"https:\/\/hurba.fr\/fr\/donnees-personnelles-et-protection-des-donnees\/","og_site_name":"HURBA","twitter_card":"summary_large_image","twitter_misc":{"Dur\u00e9e de lecture estim\u00e9e":"6 minutes"},"schema":{"@context":"https:\/\/schema.org","@graph":[{"@type":"WebPage","@id":"https:\/\/hurba.fr\/fr\/donnees-personnelles-et-protection-des-donnees\/","url":"https:\/\/hurba.fr\/fr\/donnees-personnelles-et-protection-des-donnees\/","name":"Donn\u00e9es personnelles et protection des donn\u00e9es - HURBA","isPartOf":{"@id":"https:\/\/hurba.fr\/en\/#website"},"datePublished":"2024-05-01T05:52:06+00:00","breadcrumb":{"@id":"https:\/\/hurba.fr\/fr\/donnees-personnelles-et-protection-des-donnees\/#breadcrumb"},"inLanguage":"fr-FR","potentialAction":[{"@type":"ReadAction","target":["https:\/\/hurba.fr\/fr\/donnees-personnelles-et-protection-des-donnees\/"]}]},{"@type":"BreadcrumbList","@id":"https:\/\/hurba.fr\/fr\/donnees-personnelles-et-protection-des-donnees\/#breadcrumb","itemListElement":[{"@type":"ListItem","position":1,"name":"Home","item":"https:\/\/hurba.fr\/fr\/"},{"@type":"ListItem","position":2,"name":"Donn\u00e9es personnelles et protection des donn\u00e9es"}]},{"@type":"WebSite","@id":"https:\/\/hurba.fr\/en\/#website","url":"https:\/\/hurba.fr\/en\/","name":"HURBA","description":"Psychologie urbaine","potentialAction":[{"@type":"SearchAction","target":{"@type":"EntryPoint","urlTemplate":"https:\/\/hurba.fr\/en\/?s={search_term_string}"},"query-input":{"@type":"PropertyValueSpecification","valueRequired":true,"valueName":"search_term_string"}}],"inLanguage":"fr-FR"}]}},"_links":{"self":[{"href":"https:\/\/hurba.fr\/fr\/wp-json\/wp\/v2\/pages\/17161","targetHints":{"allow":["GET"]}}],"collection":[{"href":"https:\/\/hurba.fr\/fr\/wp-json\/wp\/v2\/pages"}],"about":[{"href":"https:\/\/hurba.fr\/fr\/wp-json\/wp\/v2\/types\/page"}],"author":[{"embeddable":true,"href":"https:\/\/hurba.fr\/fr\/wp-json\/wp\/v2\/users\/1"}],"replies":[{"embeddable":true,"href":"https:\/\/hurba.fr\/fr\/wp-json\/wp\/v2\/comments?post=17161"}],"version-history":[{"count":0,"href":"https:\/\/hurba.fr\/fr\/wp-json\/wp\/v2\/pages\/17161\/revisions"}],"wp:attachment":[{"href":"https:\/\/hurba.fr\/fr\/wp-json\/wp\/v2\/media?parent=17161"}],"curies":[{"name":"wp","href":"https:\/\/api.w.org\/{rel}","templated":true}]}}